{"id":169,"date":"2025-03-25T13:51:51","date_gmt":"2025-03-25T12:51:51","guid":{"rendered":"https:\/\/schloss-bevern.de\/wp\/?page_id=169"},"modified":"2025-03-28T10:23:58","modified_gmt":"2025-03-28T09:23:58","slug":"169-2","status":"publish","type":"page","link":"https:\/\/schloss-bevern.de\/?page_id=169","title":{"rendered":"Heimatmuseum"},"content":{"rendered":"<div id=\"pl-169\"  class=\"panel-layout\" ><div id=\"pg-169-0\"  class=\"panel-grid panel-no-style\" ><div id=\"pgc-169-0-0\"  class=\"panel-grid-cell\" ><div id=\"panel-169-0-0-0\" class=\"so-panel widget widget_sow-image panel-first-child panel-last-child\" data-index=\"0\" ><div\n\t\t\t\n\t\t\tclass=\"so-widget-sow-image so-widget-sow-image-default-8b5b6f678277-169\"\n\t\t\t\n\t\t>\n<div class=\"sow-image-container\">\n\t\t<img loading=\"lazy\" decoding=\"async\" src=\"https:\/\/schloss-bevern.de\/wp-content\/uploads\/Bild_1.jpg\" width=\"800\" height=\"600\" srcset=\"https:\/\/schloss-bevern.de\/wp-content\/uploads\/Bild_1.jpg 800w, https:\/\/schloss-bevern.de\/wp-content\/uploads\/Bild_1-300x225.jpg 300w, https:\/\/schloss-bevern.de\/wp-content\/uploads\/Bild_1-150x113.jpg 150w, https:\/\/schloss-bevern.de\/wp-content\/uploads\/Bild_1-768x576.jpg 768w\" sizes=\"auto, (max-width: 800px) 100vw, 800px\" alt=\"\" \t\tclass=\"so-widget-image\"\/>\n\t<\/div>\n\n<\/div><\/div><\/div><div id=\"pgc-169-0-1\"  class=\"panel-grid-cell\" ><div id=\"panel-169-0-1-0\" class=\"so-panel widget widget_sow-editor panel-first-child panel-last-child\" data-index=\"1\" ><div\n\t\t\t\n\t\t\tclass=\"so-widget-sow-editor so-widget-sow-editor-base\"\n\t\t\t\n\t\t>\n<div class=\"siteorigin-widget-tinymce textwidget\">\n\t<p><span style=\"font-size: 13pt; font-family: garamond-lt-regular;\">Heimatmuseum der Samtgemeinde Bevern<\/span><br \/>\n<span style=\"font-size: 13pt; font-family: garamond-lt-regular;\">im Kulturzentrum Weserrenaissance Schloss Bevern<\/span><br \/>\n<span style=\"font-size: 13pt; font-family: garamond-lt-regular;\">Leiterin: Marita Liebe<\/span><br \/>\n<span style=\"font-size: 13pt; font-family: garamond-lt-regular;\">37639 Bevern<\/span><\/p>\n<p>&nbsp;<\/p>\n<p><span style=\"font-size: 13pt; font-family: garamond-lt-regular;\">\u00d6ffnungszeiten:<\/span><br \/>\n<span style=\"font-size: 13pt; font-family: garamond-lt-regular;\">Ostern - Oktober: dienstags- sonntags und feiertags von 10 - 17 Uhr<\/span><br \/>\n<span style=\"font-size: 13pt; font-family: garamond-lt-regular;\">Besichtigung in den \u00fcbrigen Zeiten nach Voranmeldung unter: kultur@landkreis-holzminden.de<\/span><\/p>\n<p>&nbsp;<\/p>\n<p>&nbsp;<\/p>\n<p>&nbsp;<\/p>\n<p>&nbsp;<\/p>\n<\/div>\n<\/div><\/div><\/div><\/div><div id=\"pg-169-1\"  class=\"panel-grid panel-no-style\" ><div id=\"pgc-169-1-0\"  class=\"panel-grid-cell\" ><div id=\"panel-169-1-0-0\" class=\"so-panel widget widget_sow-editor panel-first-child panel-last-child\" data-index=\"2\" ><div\n\t\t\t\n\t\t\tclass=\"so-widget-sow-editor so-widget-sow-editor-base\"\n\t\t\t\n\t\t>\n<div class=\"siteorigin-widget-tinymce textwidget\">\n\t<p><span style=\"font-family: garamond-lt-regular; font-size: 13pt;\">Das Heimatmuseum im Weserrenaissance Schloss Bevern wurde 1978 er\u00f6ffnet und wird seitdem vom Heimat- u. Kulturverein Bevern betrieben. Es umfasst \u2013 seit seinem Umzug 2008 in neue R\u00e4umlichkeiten \u2013 eine in sechs Themenkreisen geordnete Anzahl von Sammlungsst\u00fccken, die vom fr\u00fcheren Leben, Wohnen und Arbeiten der Menschen in Bevern Zeugnis ablegen.<\/span><\/p>\n<p>&nbsp;<\/p>\n<\/div>\n<\/div><\/div><\/div><div id=\"pgc-169-1-1\"  class=\"panel-grid-cell\" ><div id=\"panel-169-1-1-0\" class=\"so-panel widget widget_sow-image panel-first-child panel-last-child\" data-index=\"3\" ><div\n\t\t\t\n\t\t\tclass=\"so-widget-sow-image so-widget-sow-image-default-8b5b6f678277-169\"\n\t\t\t\n\t\t>\n<div class=\"sow-image-container\">\n\t\t<img loading=\"lazy\" decoding=\"async\" src=\"https:\/\/schloss-bevern.de\/wp-content\/uploads\/Bild_3.jpg\" width=\"800\" height=\"600\" srcset=\"https:\/\/schloss-bevern.de\/wp-content\/uploads\/Bild_3.jpg 800w, https:\/\/schloss-bevern.de\/wp-content\/uploads\/Bild_3-300x225.jpg 300w, https:\/\/schloss-bevern.de\/wp-content\/uploads\/Bild_3-150x113.jpg 150w, https:\/\/schloss-bevern.de\/wp-content\/uploads\/Bild_3-768x576.jpg 768w\" sizes=\"auto, (max-width: 800px) 100vw, 800px\" alt=\"\" \t\tclass=\"so-widget-image\"\/>\n\t<\/div>\n\n<\/div><\/div><\/div><\/div><div id=\"pg-169-2\"  class=\"panel-grid panel-no-style\" ><div id=\"pgc-169-2-0\"  class=\"panel-grid-cell\" ><div id=\"panel-169-2-0-0\" class=\"so-panel widget widget_sow-image panel-first-child panel-last-child\" data-index=\"4\" ><div\n\t\t\t\n\t\t\tclass=\"so-widget-sow-image so-widget-sow-image-default-8b5b6f678277-169\"\n\t\t\t\n\t\t>\n<div class=\"sow-image-container\">\n\t\t<img loading=\"lazy\" decoding=\"async\" src=\"https:\/\/schloss-bevern.de\/wp-content\/uploads\/Bild_4.jpg\" width=\"800\" height=\"600\" srcset=\"https:\/\/schloss-bevern.de\/wp-content\/uploads\/Bild_4.jpg 800w, https:\/\/schloss-bevern.de\/wp-content\/uploads\/Bild_4-300x225.jpg 300w, https:\/\/schloss-bevern.de\/wp-content\/uploads\/Bild_4-150x113.jpg 150w, https:\/\/schloss-bevern.de\/wp-content\/uploads\/Bild_4-768x576.jpg 768w\" sizes=\"auto, (max-width: 800px) 100vw, 800px\" alt=\"\" \t\tclass=\"so-widget-image\"\/>\n\t<\/div>\n\n<\/div><\/div><\/div><div id=\"pgc-169-2-1\"  class=\"panel-grid-cell\" ><div id=\"panel-169-2-1-0\" class=\"so-panel widget widget_sow-editor panel-first-child panel-last-child\" data-index=\"5\" ><div\n\t\t\t\n\t\t\tclass=\"so-widget-sow-editor so-widget-sow-editor-base\"\n\t\t\t\n\t\t>\n<div class=\"siteorigin-widget-tinymce textwidget\">\n\t<p><span style=\"font-family: garamond-lt-regular; font-size: 13pt;\">Der Rundgang durch das Heimatmuseum zeigt die Geschichte des von Statius von M\u00fcnchhausen erbauten Schlosses, Dinge des allt\u00e4glichen Lebens des 18. Jahrhunderts, Handwerksger\u00e4te und -erzeugnisse bis zum 20. Jahrhundert, sowie die Telegraphenstation bei Bevern aus dem fr\u00fchen 20. Jahrhundert.<\/span><\/p>\n<p>&nbsp;<\/p>\n<p>&nbsp;<\/p>\n<\/div>\n<\/div><\/div><\/div><\/div><div id=\"pg-169-3\"  class=\"panel-grid panel-no-style\" ><div id=\"pgc-169-3-0\"  class=\"panel-grid-cell\" ><div id=\"panel-169-3-0-0\" class=\"so-panel widget widget_sow-editor panel-first-child panel-last-child\" data-index=\"6\" ><div\n\t\t\t\n\t\t\tclass=\"so-widget-sow-editor so-widget-sow-editor-base\"\n\t\t\t\n\t\t>\n<div class=\"siteorigin-widget-tinymce textwidget\">\n\t<p><span style=\"font-family: garamond-lt-regular; font-size: 13pt;\">Den Abschluss bildet ein gr\u00f6\u00dferer Sammlungskreis arch\u00e4ologischer, mineralogischer und Fossilienfunde.<\/span><\/p>\n<\/div>\n<\/div><\/div><\/div><div id=\"pgc-169-3-1\"  class=\"panel-grid-cell\" ><div id=\"panel-169-3-1-0\" class=\"so-panel widget widget_sow-image panel-first-child panel-last-child\" data-index=\"7\" ><div\n\t\t\t\n\t\t\tclass=\"so-widget-sow-image so-widget-sow-image-default-8b5b6f678277-169\"\n\t\t\t\n\t\t>\n<div class=\"sow-image-container\">\n\t\t<img loading=\"lazy\" decoding=\"async\" src=\"https:\/\/schloss-bevern.de\/wp-content\/uploads\/Bild_6.jpg\" width=\"800\" height=\"600\" srcset=\"https:\/\/schloss-bevern.de\/wp-content\/uploads\/Bild_6.jpg 800w, https:\/\/schloss-bevern.de\/wp-content\/uploads\/Bild_6-300x225.jpg 300w, https:\/\/schloss-bevern.de\/wp-content\/uploads\/Bild_6-150x113.jpg 150w, https:\/\/schloss-bevern.de\/wp-content\/uploads\/Bild_6-768x576.jpg 768w\" sizes=\"auto, (max-width: 800px) 100vw, 800px\" alt=\"\" \t\tclass=\"so-widget-image\"\/>\n\t<\/div>\n\n<\/div><\/div><\/div><\/div><\/div>","protected":false},"excerpt":{"rendered":"<p>Heimatmuseum der Samtgemeinde Bevern im Kulturzentrum Weserrenaissance Schloss Bevern Leiterin: Marita Liebe 37639 Bevern &nbsp; \u00d6ffnungszeiten: Ostern &#8211; Oktober: dienstags- sonntags und feiertags von 10 &#8211; 17 Uhr Besichtigung in den \u00fcbrigen Zeiten nach Voranmeldung unter: kultur@landkreis-holzminden.de &nbsp; &nbsp; &nbsp; &nbsp; Das Heimatmuseum im Weserrenaissance Schloss Bevern wurde 1978 er\u00f6ffnet und wird seitdem vom Heimat- [&hellip;]<\/p>\n","protected":false},"author":1,"featured_media":0,"parent":167,"menu_order":2,"comment_status":"closed","ping_status":"closed","template":"","meta":{"footnotes":""},"class_list":["post-169","page","type-page","status-publish","hentry","post"],"_links":{"self":[{"href":"https:\/\/schloss-bevern.de\/index.php?rest_route=\/wp\/v2\/pages\/169","targetHints":{"allow":["GET"]}}],"collection":[{"href":"https:\/\/schloss-bevern.de\/index.php?rest_route=\/wp\/v2\/pages"}],"about":[{"href":"https:\/\/schloss-bevern.de\/index.php?rest_route=\/wp\/v2\/types\/page"}],"author":[{"embeddable":true,"href":"https:\/\/schloss-bevern.de\/index.php?rest_route=\/wp\/v2\/users\/1"}],"replies":[{"embeddable":true,"href":"https:\/\/schloss-bevern.de\/index.php?rest_route=%2Fwp%2Fv2%2Fcomments&post=169"}],"version-history":[{"count":10,"href":"https:\/\/schloss-bevern.de\/index.php?rest_route=\/wp\/v2\/pages\/169\/revisions"}],"predecessor-version":[{"id":413,"href":"https:\/\/schloss-bevern.de\/index.php?rest_route=\/wp\/v2\/pages\/169\/revisions\/413"}],"up":[{"embeddable":true,"href":"https:\/\/schloss-bevern.de\/index.php?rest_route=\/wp\/v2\/pages\/167"}],"wp:attachment":[{"href":"https:\/\/schloss-bevern.de\/index.php?rest_route=%2Fwp%2Fv2%2Fmedia&parent=169"}],"curies":[{"name":"wp","href":"https:\/\/api.w.org\/{rel}","templated":true}]}}