{"id":197,"date":"2025-03-26T07:56:24","date_gmt":"2025-03-26T06:56:24","guid":{"rendered":"https:\/\/schloss-bevern.de\/wp\/?page_id=197"},"modified":"2025-03-28T10:58:28","modified_gmt":"2025-03-28T09:58:28","slug":"archaeologie-2","status":"publish","type":"page","link":"https:\/\/schloss-bevern.de\/?page_id=197","title":{"rendered":"Arch\u00e4ologie"},"content":{"rendered":"<div id=\"pl-197\"  class=\"panel-layout\" ><div id=\"pg-197-0\"  class=\"panel-grid panel-no-style\" ><div id=\"pgc-197-0-0\"  class=\"panel-grid-cell\" ><div id=\"panel-197-0-0-0\" class=\"so-panel widget widget_sow-editor panel-first-child panel-last-child\" data-index=\"0\" ><div\n\t\t\t\n\t\t\tclass=\"so-widget-sow-editor so-widget-sow-editor-base\"\n\t\t\t\n\t\t><h3 class=\"widget-title\">Die arch\u00e4ologische Denkmalpflege im Landkreis Holzminden<\/h3>\n<div class=\"siteorigin-widget-tinymce textwidget\">\n\t<p><span style=\"font-family: garamond-lt-regular; font-size: 16px;\">Nach dem Inkrafttreten des Nieders\u00e4chsischen Denkmalschutzgesetzes am 1. November 1979 obliegt den Landkreisen im Rahmen des \u00fcbertragenen Wirkungskreises die Wahrnehmung der Aufgaben der unteren Denkmalschutzbeh\u00f6rde (NDSchG \u00a7 19, Abs. 1 u.2).<\/span><br \/>\n<span style=\"font-family: garamond-lt-regular; font-size: 16px;\">Als eine der ersten Gebietsk\u00f6rperschaften in Niedersachsen hatte sich der Landkreis Holzminden in Folge der Gesetzesnovellierung 1982 entschieden, einen Arch\u00e4ologen zun\u00e4chst \u00fcber Zeitvertr\u00e4ge einzustellen, bevor die Stelle 1986 fest etabliert wurde.<\/span><\/p>\n<\/div>\n<\/div><\/div><\/div><\/div><div id=\"pg-197-1\"  class=\"panel-grid panel-no-style\" ><div id=\"pgc-197-1-0\"  class=\"panel-grid-cell\" ><div id=\"panel-197-1-0-0\" class=\"so-panel widget widget_sow-editor panel-first-child panel-last-child\" data-index=\"1\" ><div\n\t\t\t\n\t\t\tclass=\"so-widget-sow-editor so-widget-sow-editor-base\"\n\t\t\t\n\t\t><h3 class=\"widget-title\">Aufgaben einer Kreisarch\u00e4ologie<\/h3>\n<div class=\"siteorigin-widget-tinymce textwidget\">\n\t<ul>\n<li><span style=\"font-family: garamond-lt-regular; font-size: 16px;\">\u00a0Wahrnehmung der Aufgaben einer unteren Denkmalschutzbeh\u00f6rde f\u00fcr den Bereich der arch\u00e4ologischen Kulturdenkmale<\/span><\/li>\n<li><span style=\"font-family: garamond-lt-regular; font-size: 16px;\">\u00a0Zusammenarbeit mit \u00fcbergeordneten staatlichen Denkmalfach- \/ Denkmalschutzbeh\u00f6rden<\/span><\/li>\n<li><span style=\"font-family: garamond-lt-regular; font-size: 16px;\">\u00a0Schutz, Sicherung und Pflege aller arch\u00e4ologischen Kulturdenkmale<\/span><\/li>\n<li><span style=\"font-family: garamond-lt-regular; font-size: 16px;\">\u00a0Erfassung und Dokumentation der festen und beweglichen arch\u00e4ologischen Denkmale<\/span><\/li>\n<li><span style=\"font-family: garamond-lt-regular; font-size: 16px;\">\u00a0Beratung von Denkmaleigent\u00fcmern<\/span><\/li>\n<li><span style=\"font-family: garamond-lt-regular; font-size: 16px;\">\u00a0Durchf\u00fchrung arch\u00e4ologischer Ausgrabungen<\/span><\/li>\n<li><span style=\"font-family: garamond-lt-regular; font-size: 16px;\">\u00a0Sachgerechte Aufarbeitung und Magazinierung der Fundgegenst\u00e4nde<\/span><\/li>\n<li><span style=\"font-family: garamond-lt-regular; font-size: 16px;\">\u00a0Erforschung aller arch\u00e4ologischen Epochen des Kreisgebietes<\/span><\/li>\n<li><span style=\"font-family: garamond-lt-regular; font-size: 16px;\">\u00a0Gestaltung und Beratung arch\u00e4ologischer Ausstellungen<\/span><\/li>\n<li><span style=\"font-family: garamond-lt-regular; font-size: 16px;\">\u00a0Ver\u00f6ffentlichungen und Vortr\u00e4ge<\/span><\/li>\n<li><span style=\"font-family: garamond-lt-regular; font-size: 16px;\">\u00a0Erschlie\u00dfung arch\u00e4ologischer Kulturdenkmale im Rahmen eines sanften Tourismus<\/span><\/li>\n<\/ul>\n<\/div>\n<\/div><\/div><\/div><\/div><div id=\"pg-197-2\"  class=\"panel-grid panel-no-style\" ><div id=\"pgc-197-2-0\"  class=\"panel-grid-cell\" ><div id=\"panel-197-2-0-0\" class=\"so-panel widget widget_sow-editor panel-first-child panel-last-child\" data-index=\"2\" ><div\n\t\t\t\n\t\t\tclass=\"so-widget-sow-editor so-widget-sow-editor-base\"\n\t\t\t\n\t\t><h3 class=\"widget-title\">Erfassung und Dokumentation arch\u00e4ologischer Denkmale im Kreisgebiet<\/h3>\n<div class=\"siteorigin-widget-tinymce textwidget\">\n\t<p><span style=\"font-family: garamond-lt-regular; font-size: 16px;\">Durch ei<img loading=\"lazy\" decoding=\"async\" class=\"size-medium wp-image-308 alignleft\" src=\"https:\/\/schloss-bevern.de\/wp\/wp-content\/uploads\/negenborn-300x213.jpg\" alt=\"\" width=\"300\" height=\"213\" srcset=\"https:\/\/schloss-bevern.de\/wp-content\/uploads\/negenborn-300x213.jpg 300w, https:\/\/schloss-bevern.de\/wp-content\/uploads\/negenborn-150x107.jpg 150w, https:\/\/schloss-bevern.de\/wp-content\/uploads\/negenborn.jpg 350w\" sizes=\"auto, (max-width: 300px) 100vw, 300px\" \/>ne zunehmende Industrialisierung auch des l\u00e4ndlichen Raumes, durch Ver\u00e4nderungen in der Bodenbewirtschaftung (z. B. Tiefpfl\u00fcgen, k\u00fcnstliche D\u00fcngung) und die Modernisierung der Forstwirtschaft (z.B. Einsatz von Vollerntemaschinen) sind die arch\u00e4ologischen Denkmale akut in ihrem Bestand bedroht. Deshalb geh\u00f6rt es zur st\u00e4ndig fortzuf\u00fchrenden Aufgabe der Kreisarch\u00e4ologie, den Denkmalbestand durch systematische Begehungen des Ackerlandes (Fr\u00fchjahr\/Herbst) und der W\u00e4lder (Sommer) fl\u00e4chendeckend zu erfassen. Dazu werden auch Methoden wie die Luftbildarch\u00e4ologie oder das Airborne-Laserscanning herangezogen.<\/span><br \/>\n<span style=\"font-family: garamond-lt-regular; font-size: 16px;\">Verfahren wie Geoelektrik, Geomagnetik oder Bohrungen helfen, Aussagen \u00fcber den Zustand eines unter der Erde liegenden Denkmals treffen zu k\u00f6nnen. Waren 1982 nur 88 arch\u00e4ologische Kulturdenkmale bekannt, so sind es derzeit 1700 Fundstellen. Eine st\u00e4ndig voranschreitende Inventarisierung der Fundstellen und der Funde erm\u00f6glicht solide Vorabbeurteilungen bei Planfeststellungen. Die Kreisarch\u00e4ologie ist bestrebt, diese Kulturg\u00fcter zu sch\u00fctzen und zu pflegen. Hierzu z\u00e4hlen auch Erhaltungsma\u00dfnahmen von Denkmalen im Gel\u00e4nde.<\/span><\/p>\n<\/div>\n<\/div><\/div><\/div><\/div><div id=\"pg-197-3\"  class=\"panel-grid panel-no-style\" ><div id=\"pgc-197-3-0\"  class=\"panel-grid-cell\" ><div id=\"panel-197-3-0-0\" class=\"so-panel widget widget_sow-editor panel-first-child panel-last-child\" data-index=\"3\" ><div\n\t\t\t\n\t\t\tclass=\"so-widget-sow-editor so-widget-sow-editor-base\"\n\t\t\t\n\t\t><h3 class=\"widget-title\">Ausgrabungen<\/h3>\n<div class=\"siteorigin-widget-tinymce textwidget\">\n\t<p><img loading=\"lazy\" decoding=\"async\" class=\"size-medium wp-image-313 alignright\" src=\"https:\/\/schloss-bevern.de\/wp\/wp-content\/uploads\/grab2-300x215.jpg\" alt=\"\" width=\"300\" height=\"215\" srcset=\"https:\/\/schloss-bevern.de\/wp-content\/uploads\/grab2-300x215.jpg 300w, https:\/\/schloss-bevern.de\/wp-content\/uploads\/grab2-150x108.jpg 150w, https:\/\/schloss-bevern.de\/wp-content\/uploads\/grab2.jpg 350w\" sizes=\"auto, (max-width: 300px) 100vw, 300px\" \/><span style=\"font-size: 16px; font-family: garamond-lt-regular;\">Die Arch\u00e4ologische Grabung wird in der Regel als letztes Mittel einer Dokumentation vorgenommen, wenn das Denkmal vor einer unabwendbaren, unwiederbringlichen Zerst\u00f6rung steht (Rettungsgrabung). Grabungen erfolgen aber auch zur Kl\u00e4rung des Denkmalcharakters eines Objektes oder wenn ein vordringliches Forschungsinteresse besteht.<\/span><\/p>\n<\/div>\n<\/div><\/div><\/div><\/div><div id=\"pg-197-4\"  class=\"panel-grid panel-no-style\" ><div id=\"pgc-197-4-0\"  class=\"panel-grid-cell\" ><div id=\"panel-197-4-0-0\" class=\"so-panel widget widget_sow-editor panel-first-child panel-last-child\" data-index=\"4\" ><div\n\t\t\t\n\t\t\tclass=\"so-widget-sow-editor so-widget-sow-editor-base\"\n\t\t\t\n\t\t><h3 class=\"widget-title\">Sachgerechte Aufarbeitung und Magazinierung der Fundgegenst\u00e4nde<\/h3>\n<div class=\"siteorigin-widget-tinymce textwidget\">\n\t<p><img loading=\"lazy\" decoding=\"async\" class=\"size-medium wp-image-317 alignleft\" src=\"https:\/\/schloss-bevern.de\/wp\/wp-content\/uploads\/magazin-300x225.jpg\" alt=\"\" width=\"300\" height=\"225\" srcset=\"https:\/\/schloss-bevern.de\/wp-content\/uploads\/magazin-300x225.jpg 300w, https:\/\/schloss-bevern.de\/wp-content\/uploads\/magazin-150x113.jpg 150w, https:\/\/schloss-bevern.de\/wp-content\/uploads\/magazin.jpg 350w\" sizes=\"auto, (max-width: 300px) 100vw, 300px\" \/><span style=\"font-size: 16px; font-family: garamond-lt-regular;\">Die im Laufe der Jahre durch Ausgrabungen, Gel\u00e4ndeprospektionen und Ablieferungen von Privatpersonen eingegangenen Funde werden, soweit m\u00f6glich, in einer Werkstatt im Schloss gereinigt und aufgearbeitet. Vom Zerfall bedrohte Metallobjekte sowie zerbrochen im Erdreich angetroffene, aber zu vollst\u00e4ndigen Gef\u00e4\u00dfen zusammensetzbare Keramik- oder Glasfragmente, werden an die Restaurierungswerkst\u00e4tten des Nieders\u00e4chsischen Landesamtes f\u00fcr Denkmalpflege oder private Restaurierungsfirmen weitergereicht. Nach der fotografischen und zeichnerischen Dokumentation, vorwiegend der besonderen St\u00fccke, erfolgt die dauerhafte Magazinierung in der Studiensammlung.<\/span><\/p>\n<p><span style=\"font-size: 16px; font-family: garamond-lt-regular;\">Die Fundgegenst\u00e4nde stehen der Wissenschaft, Studenten und interessierten Heimatkundlern f\u00fcr ihre Forschungen zur Bearbeitung zur Verf\u00fcgung. Alle bis 1995 geborgenen ur- und fr\u00fchgeschichtlichen Funde aus dem Kreisgebiet sind im Rahmen einer die Besiedlungsgeschichte des Oberweserraumes behandelnden Dissertation bearbeitet und ver\u00f6ffentlicht worden. Ausgew\u00e4hlte, weitere Funde haben Eingang in andere Doktorarbeiten und verschiedene wissenschaftliche Publikationen gefunden. Auf regionaler Ebene wird \u00fcber das Jahrbuch f\u00fcr den Landkreis Holzminden, in Zeitschriften und der Tagespresse berichtet.<\/span><\/p>\n<\/div>\n<\/div><\/div><\/div><\/div><div id=\"pg-197-5\"  class=\"panel-grid panel-no-style\" ><div id=\"pgc-197-5-0\"  class=\"panel-grid-cell\" ><div id=\"panel-197-5-0-0\" class=\"so-panel widget widget_sow-editor panel-first-child panel-last-child\" data-index=\"5\" ><div\n\t\t\t\n\t\t\tclass=\"so-widget-sow-editor so-widget-sow-editor-base\"\n\t\t\t\n\t\t><h3 class=\"widget-title\">Ausstellungen<\/h3>\n<div class=\"siteorigin-widget-tinymce textwidget\">\n\t<p><img loading=\"lazy\" decoding=\"async\" class=\"size-medium wp-image-315 alignright\" src=\"https:\/\/schloss-bevern.de\/wp\/wp-content\/uploads\/grab5-300x200.jpg\" alt=\"\" width=\"300\" height=\"200\" srcset=\"https:\/\/schloss-bevern.de\/wp-content\/uploads\/grab5-300x200.jpg 300w, https:\/\/schloss-bevern.de\/wp-content\/uploads\/grab5-150x100.jpg 150w, https:\/\/schloss-bevern.de\/wp-content\/uploads\/grab5-272x182.jpg 272w, https:\/\/schloss-bevern.de\/wp-content\/uploads\/grab5.jpg 350w\" sizes=\"auto, (max-width: 300px) 100vw, 300px\" \/><span style=\"font-size: 16px; font-family: garamond-lt-regular;\">Die Kreisarch\u00e4ologie hat in mehreren eigenen Ausstellungen die Ergebnisse ihrer Arbeit pr\u00e4sentiert. Bei vielen regionalen und \u00fcberregionalen Sonderausstellungen war sie Projektpartner, Leihgeber von Exponaten aus der Studiensammlung und Beitragslieferant f\u00fcr den Katalog. Mit der Pr\u00e4sentation gro\u00dfer internationaler arch\u00e4ologischer Ausstellungen hat das Weserrenaissance Schloss Bevern eine breite \u00f6ffentliche Aufmerksamkeit, \u00fcber die Grenzen Deutschlands hinaus, erfahren. <\/span><\/p>\n<\/div>\n<\/div><\/div><\/div><\/div><div id=\"pg-197-6\"  class=\"panel-grid panel-no-style\" ><div id=\"pgc-197-6-0\"  class=\"panel-grid-cell\" ><div id=\"panel-197-6-0-0\" class=\"so-panel widget widget_sow-editor panel-first-child panel-last-child\" data-index=\"6\" ><div\n\t\t\t\n\t\t\tclass=\"so-widget-sow-editor so-widget-sow-editor-base\"\n\t\t\t\n\t\t><h3 class=\"widget-title\">Erschlie\u00dfung arch\u00e4ologischer Kulturdenkmale im Rahmen eines sanften Tourismus<\/h3>\n<div class=\"siteorigin-widget-tinymce textwidget\">\n\t<p><span style=\"font-size: 16px; font-family: garamond-lt-regular;\">Neben den Ver\u00f6ffentlichungen in der Presse und der Pr\u00e4sentation von Ausstellungen werden die Aktivit\u00e4ten der Kreisarch\u00e4ologie einer breiten \u00d6ffentlichkeit durch Vortr\u00e4ge, F\u00fchrungen, Exkursionen, Ausschilderungen und Erl\u00e4uterungstafeln vermittelt. Daf\u00fcr wurden einige Denkmale, wie z. B. die Glasmanufaktur in Holzen oder die Kirche auf dem Heiligenberg bei Heyen, restauriert. Derartige Projekte erfolgen in Zusammenarbeit mit der Jugendwerkstatt der Kreisvolkshochschule.<\/span><br \/>\n<span style=\"font-size: 13pt; font-family: garamond-lt-regular;\"><span style=\"font-size: 16px;\">An der Ausbildung qualifizierter G\u00e4stef\u00fchrer\/innen (z.B. G\u00e4stef\u00fchrerinnen im Weserbergland) ist die Kreisarch\u00e4ologie immer wieder beteiligt.<\/span> <\/span><\/p>\n<\/div>\n<\/div><\/div><\/div><\/div><\/div>","protected":false},"excerpt":{"rendered":"<p>Nach dem Inkrafttreten des Nieders\u00e4chsischen Denkmalschutzgesetzes am 1. November 1979 obliegt den Landkreisen im Rahmen des \u00fcbertragenen Wirkungskreises die Wahrnehmung der Aufgaben der unteren Denkmalschutzbeh\u00f6rde (NDSchG \u00a7 19, Abs. 1 u.2). Als eine der ersten Gebietsk\u00f6rperschaften in Niedersachsen hatte sich der Landkreis Holzminden in Folge der Gesetzesnovellierung 1982 entschieden, einen Arch\u00e4ologen zun\u00e4chst \u00fcber Zeitvertr\u00e4ge einzustellen, [&hellip;]<\/p>\n","protected":false},"author":1,"featured_media":0,"parent":0,"menu_order":0,"comment_status":"closed","ping_status":"closed","template":"","meta":{"footnotes":""},"class_list":["post-197","page","type-page","status-publish","hentry","post"],"_links":{"self":[{"href":"https:\/\/schloss-bevern.de\/index.php?rest_route=\/wp\/v2\/pages\/197","targetHints":{"allow":["GET"]}}],"collection":[{"href":"https:\/\/schloss-bevern.de\/index.php?rest_route=\/wp\/v2\/pages"}],"about":[{"href":"https:\/\/schloss-bevern.de\/index.php?rest_route=\/wp\/v2\/types\/page"}],"author":[{"embeddable":true,"href":"https:\/\/schloss-bevern.de\/index.php?rest_route=\/wp\/v2\/users\/1"}],"replies":[{"embeddable":true,"href":"https:\/\/schloss-bevern.de\/index.php?rest_route=%2Fwp%2Fv2%2Fcomments&post=197"}],"version-history":[{"count":16,"href":"https:\/\/schloss-bevern.de\/index.php?rest_route=\/wp\/v2\/pages\/197\/revisions"}],"predecessor-version":[{"id":420,"href":"https:\/\/schloss-bevern.de\/index.php?rest_route=\/wp\/v2\/pages\/197\/revisions\/420"}],"wp:attachment":[{"href":"https:\/\/schloss-bevern.de\/index.php?rest_route=%2Fwp%2Fv2%2Fmedia&parent=197"}],"curies":[{"name":"wp","href":"https:\/\/api.w.org\/{rel}","templated":true}]}}