{"id":241,"date":"2025-03-26T09:49:26","date_gmt":"2025-03-26T08:49:26","guid":{"rendered":"https:\/\/schloss-bevern.de\/wp\/?page_id=241"},"modified":"2025-04-23T09:02:58","modified_gmt":"2025-04-23T07:02:58","slug":"oeffnungszeiten","status":"publish","type":"page","link":"https:\/\/schloss-bevern.de\/?page_id=241","title":{"rendered":"\u00d6ffnungszeiten"},"content":{"rendered":"<div id=\"pl-241\"  class=\"panel-layout\" ><div id=\"pg-241-0\"  class=\"panel-grid panel-no-style\" ><div id=\"pgc-241-0-0\"  class=\"panel-grid-cell\" ><div id=\"panel-241-0-0-0\" class=\"so-panel widget widget_sow-editor panel-first-child panel-last-child\" data-index=\"0\" ><div\n\t\t\t\n\t\t\tclass=\"so-widget-sow-editor so-widget-sow-editor-base\"\n\t\t\t\n\t\t>\n<div class=\"siteorigin-widget-tinymce textwidget\">\n\t<h2 style=\"text-align: center;\"><span style=\"font-family: garamond-lt-regular; color: #9d113b;\">\u00d6ffnungszeiten<\/span><\/h2>\n<p><span style=\"font-family: garamond-lt-regular;\">D<span style=\"font-size: 16px;\">ie Erlebniswelt Renaissance ist von Ostern bis Oktober dienstags bis sonntags sowie an Feiertagen von 10.00 bis 17.00 Uhr ge\u00f6ffnet.<\/span><\/span><\/p>\n<h2 style=\"text-align: center;\"><span style=\"font-family: garamond-lt-regular; color: #9d113b;\">Preise<\/span><\/h2>\n<table border=\"1\" width=\"1036\" cellspacing=\"1\" cellpadding=\"1\">\n<tbody>\n<tr>\n<td>Erwachsene<\/td>\n<td>\u00a0 5,00 \u20ac<\/td>\n<\/tr>\n<tr>\n<td>Reduziert*<\/td>\n<td>\u00a0 4,00 \u20ac<\/td>\n<\/tr>\n<tr>\n<td>Kinder \/ Jugendliche**<\/td>\n<td>\u00a0 3,00 \u20ac<\/td>\n<\/tr>\n<tr>\n<td>Radlertarif Erw. (kurz)<\/td>\n<td>\u00a0 3,50 \u20ac<\/td>\n<\/tr>\n<tr>\n<td>Radlertarif Kinder (kurz)<\/td>\n<td>\u00a0 2,50 \u20ac<\/td>\n<\/tr>\n<tr>\n<td><\/td>\n<td><\/td>\n<\/tr>\n<tr>\n<td>Gruppe Erw.<\/td>\n<td>\u00a0 4,00 \u20ac<\/td>\n<\/tr>\n<tr>\n<td>Gruppe Erw. (kurz)<\/td>\n<td>\u00a0 3,00 \u20ac<\/td>\n<\/tr>\n<tr>\n<td>Gruppe Kinder (kurz)<\/td>\n<td>\u00a0 2,00 \u20ac<\/td>\n<\/tr>\n<tr>\n<td>Famile (2 Erw., bis zu 3 Kinder \/ Jugendliche)***<\/td>\n<td>13,00 \u20ac<\/td>\n<\/tr>\n<tr>\n<td>Single mit Kind (1 Erw., bis zu 3 Kinder \/ Jugendliche)***<\/td>\n<td style=\"text-align: left;\">\u00a0 8,00 \u20ac<\/td>\n<\/tr>\n<\/tbody>\n<\/table>\n<p><span style=\"font-family: garamond-lt-regular; font-size: 16px;\"><sub>*\u00a0\u00a0 \u00a0\u00a0\u00a0 \u00a0Reduzierte Karten werden verkauft an: Sch\u00fcler, Studenten, Schwerbehinderte mit 50% Erwerbsminderung, Arbeitslose<br \/>\n** \u00a0\u00a0 \u00a0Kinder \/ Jugendliche bis zum 16. Lebensjahr<br \/>\n*** \u00a0\u00a0 \u00a0weitere Kinder: 3,00 Euro<\/sub><\/span><\/p>\n<p><span style=\"font-family: garamond-lt-regular; font-size: 16px;\">Bei gr\u00f6\u00dferen Gruppen oder im Rahmen von Bustouren und \u00e4hnlichen Veranstaltungen empfehlen wir Ihnen eine rechtzeitige Reservierung.<\/span><br \/>\n<span style=\"font-family: garamond-lt-regular; font-size: 16px;\">Eine vorherige Anmeldung zur Erlebniswelt Renaissance\u00ae f\u00fcr Individualtouristen ist nicht unbedingt notwendig.<\/span><br \/>\n<span style=\"font-family: garamond-lt-regular; font-size: 16px;\">Ihr Fragen beantworten wir gern:<\/span><br \/>\n<span style=\"font-family: garamond-lt-regular; font-size: 16px;\">Tel.: 05531 707 148<\/span><\/p>\n<p>&nbsp;<\/p>\n<\/div>\n<\/div><\/div><\/div><\/div><\/div>","protected":false},"excerpt":{"rendered":"<p>\u00d6ffnungszeiten Die Erlebniswelt Renaissance ist von Ostern bis Oktober dienstags bis sonntags sowie an Feiertagen von 10.00 bis 17.00 Uhr ge\u00f6ffnet. Preise Erwachsene \u00a0 5,00 \u20ac Reduziert* \u00a0 4,00 \u20ac Kinder \/ Jugendliche** \u00a0 3,00 \u20ac Radlertarif Erw. (kurz) \u00a0 3,50 \u20ac Radlertarif Kinder (kurz) \u00a0 2,50 \u20ac Gruppe Erw. \u00a0 4,00 \u20ac Gruppe Erw. [&hellip;]<\/p>\n","protected":false},"author":1,"featured_media":0,"parent":239,"menu_order":1,"comment_status":"closed","ping_status":"closed","template":"","meta":{"footnotes":""},"class_list":["post-241","page","type-page","status-publish","hentry","post"],"_links":{"self":[{"href":"https:\/\/schloss-bevern.de\/index.php?rest_route=\/wp\/v2\/pages\/241","targetHints":{"allow":["GET"]}}],"collection":[{"href":"https:\/\/schloss-bevern.de\/index.php?rest_route=\/wp\/v2\/pages"}],"about":[{"href":"https:\/\/schloss-bevern.de\/index.php?rest_route=\/wp\/v2\/types\/page"}],"author":[{"embeddable":true,"href":"https:\/\/schloss-bevern.de\/index.php?rest_route=\/wp\/v2\/users\/1"}],"replies":[{"embeddable":true,"href":"https:\/\/schloss-bevern.de\/index.php?rest_route=%2Fwp%2Fv2%2Fcomments&post=241"}],"version-history":[{"count":20,"href":"https:\/\/schloss-bevern.de\/index.php?rest_route=\/wp\/v2\/pages\/241\/revisions"}],"predecessor-version":[{"id":818,"href":"https:\/\/schloss-bevern.de\/index.php?rest_route=\/wp\/v2\/pages\/241\/revisions\/818"}],"up":[{"embeddable":true,"href":"https:\/\/schloss-bevern.de\/index.php?rest_route=\/wp\/v2\/pages\/239"}],"wp:attachment":[{"href":"https:\/\/schloss-bevern.de\/index.php?rest_route=%2Fwp%2Fv2%2Fmedia&parent=241"}],"curies":[{"name":"wp","href":"https:\/\/api.w.org\/{rel}","templated":true}]}}