{"id":243,"date":"2025-03-26T09:50:07","date_gmt":"2025-03-26T08:50:07","guid":{"rendered":"https:\/\/schloss-bevern.de\/wp\/?page_id=243"},"modified":"2025-04-09T15:05:35","modified_gmt":"2025-04-09T13:05:35","slug":"lehrerportal","status":"publish","type":"page","link":"https:\/\/schloss-bevern.de\/?page_id=243","title":{"rendered":"Lehrerportal"},"content":{"rendered":"<div id=\"pl-243\"  class=\"panel-layout\" ><div id=\"pg-243-0\"  class=\"panel-grid panel-no-style\" ><div id=\"pgc-243-0-0\"  class=\"panel-grid-cell\" ><div id=\"panel-243-0-0-0\" class=\"so-panel widget widget_sow-editor panel-first-child panel-last-child\" data-index=\"0\" ><div\n\t\t\t\n\t\t\tclass=\"so-widget-sow-editor so-widget-sow-editor-base\"\n\t\t\t\n\t\t>\n<div class=\"siteorigin-widget-tinymce textwidget\">\n\t<p><span style=\"font-family: garamond-lt-regular; font-size: 16px;\">Womit wir Sie und Ihre Sch\u00fcler\/-innen begeistern werden:<\/span><br \/>\n<span style=\"font-family: garamond-lt-regular; font-size: 16px;\">Moderne Erlebnisausstellungen, packende H\u00f6rspiele und faszinierender Renaissance-Standorte - das ist der Rahmen, in dem Sch\u00fcler jeder Altersklasse lebhafte und vielf\u00e4ltigste Eindr\u00fccke eines Renaissanceadeligen gewinnen k\u00f6nnen. Parallel dazu bietet eine zweite Ebene der Inszenierungen kulturelle, geschichtliche und wissenschaftliche Informationen an. Mit dieser Kombination m\u00f6chten wir Kinder und Jugendliche dabei unterst\u00fctzen, ihr Geschichtsverst\u00e4ndnis und -wissen zu entwickeln.<\/span><br \/>\n<span style=\"font-family: garamond-lt-regular; font-size: 16px;\">Ein wesentlicher Faktor der Erlebniswelt Renaissance ist, dass jeder Sch\u00fcler vom eigenen Smartphone oder einem ausleihbarem Tablet - und nicht vom Museumspersonal - durch die Erlebnisausstellungen begleitet wird.<\/span><\/p>\n<p><span style=\"font-family: garamond-lt-regular; font-size: 16px;\">F\u00fcr Ihren Unterricht k\u00f6nnen Sie sich <a href=\"https:\/\/schloss-bevern.de\/wp-content\/uploads\/EWRdiedidaktischegrundlagen.pdf\" target=\"_blank\" rel=\"noopener\"> die didaktischen Grundlagen,<\/a> das <a href=\"https:\/\/schloss-bevern.de\/wp-content\/uploads\/EWRvorbereitungsmaterialfuerlehrer.pdf\" target=\"_blank\" rel=\"noopener\">Vorbereitungsmaterial f\u00fcr Lehrer,<\/a> die <a href=\"https:\/\/schloss-bevern.de\/wp-content\/uploads\/EWRarbeitsboegenfuerschueler.pdf\" target=\"_blank\" rel=\"noopener\">Arbeitsb\u00f6gen f\u00fcr Sch\u00fcler<\/a> und eine <a href=\"https:\/\/schloss-bevern.de\/wp-content\/uploads\/EWRlistemitweiterfuehrenderliteratur.pdf\" target=\"_blank\" rel=\"noopener\">Liste mit weiterf\u00fchrender Literatur<\/a> als PDF-Datei herunterladen.<\/span><\/p>\n<\/div>\n<\/div><\/div><\/div><\/div><\/div>","protected":false},"excerpt":{"rendered":"<p>Womit wir Sie und Ihre Sch\u00fcler\/-innen begeistern werden: Moderne Erlebnisausstellungen, packende H\u00f6rspiele und faszinierender Renaissance-Standorte &#8211; das ist der Rahmen, in dem Sch\u00fcler jeder Altersklasse lebhafte und vielf\u00e4ltigste Eindr\u00fccke eines Renaissanceadeligen gewinnen k\u00f6nnen. Parallel dazu bietet eine zweite Ebene der Inszenierungen kulturelle, geschichtliche und wissenschaftliche Informationen an. Mit dieser Kombination m\u00f6chten wir Kinder und Jugendliche [&hellip;]<\/p>\n","protected":false},"author":1,"featured_media":0,"parent":239,"menu_order":2,"comment_status":"closed","ping_status":"closed","template":"","meta":{"footnotes":""},"class_list":["post-243","page","type-page","status-publish","hentry","post"],"_links":{"self":[{"href":"https:\/\/schloss-bevern.de\/index.php?rest_route=\/wp\/v2\/pages\/243","targetHints":{"allow":["GET"]}}],"collection":[{"href":"https:\/\/schloss-bevern.de\/index.php?rest_route=\/wp\/v2\/pages"}],"about":[{"href":"https:\/\/schloss-bevern.de\/index.php?rest_route=\/wp\/v2\/types\/page"}],"author":[{"embeddable":true,"href":"https:\/\/schloss-bevern.de\/index.php?rest_route=\/wp\/v2\/users\/1"}],"replies":[{"embeddable":true,"href":"https:\/\/schloss-bevern.de\/index.php?rest_route=%2Fwp%2Fv2%2Fcomments&post=243"}],"version-history":[{"count":4,"href":"https:\/\/schloss-bevern.de\/index.php?rest_route=\/wp\/v2\/pages\/243\/revisions"}],"predecessor-version":[{"id":797,"href":"https:\/\/schloss-bevern.de\/index.php?rest_route=\/wp\/v2\/pages\/243\/revisions\/797"}],"up":[{"embeddable":true,"href":"https:\/\/schloss-bevern.de\/index.php?rest_route=\/wp\/v2\/pages\/239"}],"wp:attachment":[{"href":"https:\/\/schloss-bevern.de\/index.php?rest_route=%2Fwp%2Fv2%2Fmedia&parent=243"}],"curies":[{"name":"wp","href":"https:\/\/api.w.org\/{rel}","templated":true}]}}