{"id":355,"date":"2025-03-27T15:02:05","date_gmt":"2025-03-27T14:02:05","guid":{"rendered":"https:\/\/schloss-bevern.de\/wp\/?page_id=355"},"modified":"2025-04-09T15:02:04","modified_gmt":"2025-04-09T13:02:04","slug":"paula-tobias-app","status":"publish","type":"page","link":"https:\/\/schloss-bevern.de\/?page_id=355","title":{"rendered":"Paula Tobias App"},"content":{"rendered":"<div id=\"pl-355\"  class=\"panel-layout\" ><div id=\"pg-355-0\"  class=\"panel-grid panel-no-style\" ><div id=\"pgc-355-0-0\"  class=\"panel-grid-cell\" ><div id=\"panel-355-0-0-0\" class=\"so-panel widget widget_sow-editor panel-first-child panel-last-child\" data-index=\"0\" ><div\n\t\t\t\n\t\t\tclass=\"so-widget-sow-editor so-widget-sow-editor-base\"\n\t\t\t\n\t\t><h3 class=\"widget-title\">Paula App<\/h3>\n<div class=\"siteorigin-widget-tinymce textwidget\">\n\t<h2 style=\"text-align: center;\"><span style=\"font-family: garamond-lt-regular; color: #9d113b;\">App-gef\u00fchrter Rundgang durch den frauenORT Paula Tobias<\/span><\/h2>\n<div><span style=\"font-family: garamond-lt-regular;\"><img loading=\"lazy\" decoding=\"async\" class=\" wp-image-351 alignleft\" src=\"https:\/\/schloss-bevern.de\/wp\/wp-content\/uploads\/Karte-292x300.jpg\" alt=\"\" width=\"371\" height=\"381\" srcset=\"https:\/\/schloss-bevern.de\/wp-content\/uploads\/Karte-292x300.jpg 292w, https:\/\/schloss-bevern.de\/wp-content\/uploads\/Karte-998x1024.jpg 998w, https:\/\/schloss-bevern.de\/wp-content\/uploads\/Karte-146x150.jpg 146w, https:\/\/schloss-bevern.de\/wp-content\/uploads\/Karte-768x788.jpg 768w, https:\/\/schloss-bevern.de\/wp-content\/uploads\/Karte.jpg 1146w\" sizes=\"auto, (max-width: 371px) 100vw, 371px\" \/><span style=\"font-size: 13pt;\">Als Attraktion im \u201efrauenORT Paula Tobias\u201c wird ein GPS-gest\u00fctzter Rundgang durch Bevern angeboten. Mithilfe des Smartphones und der App \"Actionbound\" werden die G\u00e4ste jetzt nacheinander zu den verschiedenen Geb\u00e4uden gef\u00fchrt, zu denen Paula Tobias eine Verbindung hatte. Der Rundgang beginnt im Kulturzentrum Weserrenaissance Schloss Bevern, wo sich auch die entsprechende App bequem \u00fcber das schlosseigene WLAN herunterladen l\u00e4sst. Eine Beschilderung weist darauf hin, wo dies m\u00f6glich ist. Die App \"Actionbound\" selbst ist sehr leicht zu verstehen und zu bedienen und f\u00fchrt die Teilnehmer*innen zielsicher \u00fcber die verschiedenen Stationen durch ganz Bevern. An der jeweiligen Station angekommen, erkennt die App dies selbst und vemittelt spannende Informationen. Paula Tobias\u2018 Leben im damaligen Bevern wird dabei ebenso lebendig wie die gesellschaftlichen Bedingungen ihrer Zeit. Auf dem Weg zur n\u00e4chsten Station \u00fcbernimmt die App die F\u00fchrung und weist den Weg mithilfe einer detaillierten Streckenbeschreibung und einer stetig angezeigten Richtungsweisung zum richtigen Ort. Der Rundgang f\u00fchrt u.a. zum Haus der Familie Tobias und zum ehemaligen Krankenhaus des Wilhelmstifts, wo Dr. Paula Tobias ebenfalls t\u00e4tig war. Auch \u00fcber die Schleichwege, die Dr. Tobias\u2018 Patienten w\u00e4hrend der beginnenden nationalsozialistischen Ausgrenzung und Verfolgung nehmen mussten, um zur Praxis der deutsch-j\u00fcdischen \u00c4rztin zu gelangen, f\u00fchrt der Rundgang.<\/span><\/span><\/div>\n<p><span style=\"font-family: garamond-lt-regular; font-size: 13pt;\">Die Teilnehmer*innen k\u00f6nnen sich auf einen spannenden sowie lehrreichen Rundgang freuen.<\/span><\/p>\n<p><span style=\"font-family: garamond-lt-regular; font-size: 13pt;\"><a href=\"https:\/\/schloss-bevern.de\/?page_id=222\">Weitere Informationen<\/a><\/span><\/p>\n<p>&nbsp;<\/p>\n<p>&nbsp;<\/p>\n<p><span style=\"font-family: garamond-lt-regular; font-size: 13pt;\"><img loading=\"lazy\" decoding=\"async\" class=\" wp-image-357 alignleft\" src=\"https:\/\/schloss-bevern.de\/wp\/wp-content\/uploads\/qr-code_paula_tobias_rundgang-300x300.jpg\" alt=\"\" width=\"106\" height=\"106\" srcset=\"https:\/\/schloss-bevern.de\/wp-content\/uploads\/qr-code_paula_tobias_rundgang-300x300.jpg 300w, https:\/\/schloss-bevern.de\/wp-content\/uploads\/qr-code_paula_tobias_rundgang-150x150.jpg 150w, https:\/\/schloss-bevern.de\/wp-content\/uploads\/qr-code_paula_tobias_rundgang.jpg 370w\" sizes=\"auto, (max-width: 106px) 100vw, 106px\" \/>Laden Sie sich die App \u201e<strong>Actionbound<\/strong>\u201c herunter. Suchen Sie in der App nun nach \u201e<strong>Paula Tobias<\/strong>\u201c und w\u00e4hlen Sie den gefundenen Bound zum Starten aus. Alternativ k\u00f6nnen Sie auch den QR-Code (links) mit der App scannen.<strong> Laden Sie den ausgew\u00e4hlten Rundgang in einem WLAN Netz vor, damit alle Bilder und Texte richtig angezeigt werden k\u00f6nnen.<\/strong> Bei sehr gutem mobilem Internet k\u00f6nnen Sie auf das Vorladen verzichten.<\/span><\/p>\n<p>&nbsp;<\/p>\n<\/div>\n<\/div><\/div><\/div><\/div><\/div>","protected":false},"excerpt":{"rendered":"<p>App-gef\u00fchrter Rundgang durch den frauenORT Paula Tobias Als Attraktion im \u201efrauenORT Paula Tobias\u201c wird ein GPS-gest\u00fctzter Rundgang durch Bevern angeboten. Mithilfe des Smartphones und der App &#8222;Actionbound&#8220; werden die G\u00e4ste jetzt nacheinander zu den verschiedenen Geb\u00e4uden gef\u00fchrt, zu denen Paula Tobias eine Verbindung hatte. Der Rundgang beginnt im Kulturzentrum Weserrenaissance Schloss Bevern, wo sich auch [&hellip;]<\/p>\n","protected":false},"author":1,"featured_media":0,"parent":0,"menu_order":0,"comment_status":"closed","ping_status":"closed","template":"","meta":{"footnotes":""},"class_list":["post-355","page","type-page","status-publish","hentry","post"],"_links":{"self":[{"href":"https:\/\/schloss-bevern.de\/index.php?rest_route=\/wp\/v2\/pages\/355","targetHints":{"allow":["GET"]}}],"collection":[{"href":"https:\/\/schloss-bevern.de\/index.php?rest_route=\/wp\/v2\/pages"}],"about":[{"href":"https:\/\/schloss-bevern.de\/index.php?rest_route=\/wp\/v2\/types\/page"}],"author":[{"embeddable":true,"href":"https:\/\/schloss-bevern.de\/index.php?rest_route=\/wp\/v2\/users\/1"}],"replies":[{"embeddable":true,"href":"https:\/\/schloss-bevern.de\/index.php?rest_route=%2Fwp%2Fv2%2Fcomments&post=355"}],"version-history":[{"count":2,"href":"https:\/\/schloss-bevern.de\/index.php?rest_route=\/wp\/v2\/pages\/355\/revisions"}],"predecessor-version":[{"id":795,"href":"https:\/\/schloss-bevern.de\/index.php?rest_route=\/wp\/v2\/pages\/355\/revisions\/795"}],"wp:attachment":[{"href":"https:\/\/schloss-bevern.de\/index.php?rest_route=%2Fwp%2Fv2%2Fmedia&parent=355"}],"curies":[{"name":"wp","href":"https:\/\/api.w.org\/{rel}","templated":true}]}}