{"id":790,"date":"2025-04-09T14:58:46","date_gmt":"2025-04-09T12:58:46","guid":{"rendered":"https:\/\/schloss-bevern.de\/?page_id=790"},"modified":"2026-03-30T10:00:51","modified_gmt":"2026-03-30T08:00:51","slug":"historisches-weserbergland","status":"publish","type":"page","link":"https:\/\/schloss-bevern.de\/?page_id=790","title":{"rendered":"Historisches Weserbergland"},"content":{"rendered":"<div id=\"pl-790\"  class=\"panel-layout\" ><div id=\"pg-790-0\"  class=\"panel-grid panel-no-style\" ><div id=\"pgc-790-0-0\"  class=\"panel-grid-cell\" ><div id=\"panel-790-0-0-0\" class=\"so-panel widget widget_sow-editor panel-first-child panel-last-child\" data-index=\"0\" ><div\n\t\t\t\n\t\t\tclass=\"so-widget-sow-editor so-widget-sow-editor-base\"\n\t\t\t\n\t\t>\n<div class=\"siteorigin-widget-tinymce textwidget\">\n\t<h1 style=\"text-align: center;\"><span style=\"font-family: garamond-lt-regular; color: #9d113b;\">Historisches Weserbergland<\/span><\/h1>\n<p><img loading=\"lazy\" decoding=\"async\" class=\"size-medium wp-image-1148 aligncenter\" src=\"https:\/\/schloss-bevern.de\/wp-content\/uploads\/HistWeserbergland-Siegel-Web-RZ-RGB-190x300.png\" alt=\"\" width=\"190\" height=\"300\" srcset=\"https:\/\/schloss-bevern.de\/wp-content\/uploads\/HistWeserbergland-Siegel-Web-RZ-RGB-190x300.png 190w, https:\/\/schloss-bevern.de\/wp-content\/uploads\/HistWeserbergland-Siegel-Web-RZ-RGB-649x1024.png 649w, https:\/\/schloss-bevern.de\/wp-content\/uploads\/HistWeserbergland-Siegel-Web-RZ-RGB-95x150.png 95w, https:\/\/schloss-bevern.de\/wp-content\/uploads\/HistWeserbergland-Siegel-Web-RZ-RGB-768x1211.png 768w, https:\/\/schloss-bevern.de\/wp-content\/uploads\/HistWeserbergland-Siegel-Web-RZ-RGB-974x1536.png 974w, https:\/\/schloss-bevern.de\/wp-content\/uploads\/HistWeserbergland-Siegel-Web-RZ-RGB.png 1000w\" sizes=\"auto, (max-width: 190px) 100vw, 190px\" \/><\/p>\n<p><span style=\"font-family: garamond-lt-regular;\">Mit sechzehn St\u00e4dten und elf historischen St\u00e4tten ist das Projekt \"Historisches Weserbergland\" ein Zusammenschluss unter der Koordination des Weserbergland Tourismus e.V.<\/span><br \/>\n<span style=\"font-family: garamond-lt-regular;\">\u00a0<\/span><\/p>\n<table border=\"0\" width=\"385\" cellspacing=\"1\" cellpadding=\"1\">\n<tbody>\n<tr>\n<td>\n<h4><span style=\"font-family: garamond-lt-regular;\">Die St\u00e4dte:<\/span><\/h4>\n<\/td>\n<td>\n<h4><span style=\"font-family: garamond-lt-regular;\">Die St\u00e4tten:<\/span><\/h4>\n<\/td>\n<\/tr>\n<tr>\n<td><span style=\"font-family: garamond-lt-regular;\">\u2022 Bad M\u00fcnder<\/span><\/td>\n<td><span style=\"font-family: garamond-lt-regular;\">\u2022 Klosterkirche Lippoldsberg<\/span><\/td>\n<\/tr>\n<tr>\n<td><span style=\"font-family: garamond-lt-regular;\">\u2022 Hameln<\/span><\/td>\n<td><span style=\"font-family: garamond-lt-regular;\">\u2022 Schloss Pyrmont<\/span><\/td>\n<\/tr>\n<tr>\n<td><span style=\"font-family: garamond-lt-regular;\">\u2022 Hann. M\u00fcnden<\/span><\/td>\n<td><span style=\"font-family: garamond-lt-regular;\">\u2022 Schloss H\u00e4melschenburg<\/span><\/td>\n<\/tr>\n<tr>\n<td><span style=\"font-family: garamond-lt-regular;\">\u2022 B\u00fcckeburg<\/span><\/td>\n<td><span style=\"font-family: garamond-lt-regular;\">\u2022 Schloss B\u00fcckeburg<\/span><\/td>\n<\/tr>\n<tr>\n<td><span style=\"font-family: garamond-lt-regular;\">\u2022 Stadthagen<\/span><\/td>\n<td><span style=\"font-family: garamond-lt-regular;\">\u2022 Burg Schaumburg<\/span><\/td>\n<\/tr>\n<tr>\n<td><span style=\"font-family: garamond-lt-regular;\">\u2022 Rinteln<\/span><\/td>\n<td><span style=\"font-family: garamond-lt-regular;\">\u2022 Schloss F\u00fcrstenberg<\/span><\/td>\n<\/tr>\n<tr>\n<td><span style=\"font-family: garamond-lt-regular;\">\u2022 Hessisch Oldendorf<\/span><\/td>\n<td><span style=\"font-family: garamond-lt-regular;\">\u2022 Stift Fischbeck<\/span><\/td>\n<\/tr>\n<tr>\n<td><span style=\"font-family: garamond-lt-regular;\">\u2022 Dassel<\/span><\/td>\n<td><span style=\"font-family: garamond-lt-regular;\">\u2022 Schloss Corvey<\/span><\/td>\n<\/tr>\n<tr>\n<td><span style=\"font-family: garamond-lt-regular;\">\u2022 Stadtoldendorf<\/span><\/td>\n<td><span style=\"font-family: garamond-lt-regular;\">\u2022 Schloss Bevern<\/span><\/td>\n<\/tr>\n<tr>\n<td><span style=\"font-family: garamond-lt-regular;\">\u2022 Holzminden<\/span><\/td>\n<td><span style=\"font-family: garamond-lt-regular;\">\u2022 PS.SPEICHER<\/span><\/td>\n<\/tr>\n<tr>\n<td><span style=\"font-family: garamond-lt-regular;\">\u2022 H\u00f6xter<\/span><\/td>\n<td><span style=\"font-family: garamond-lt-regular;\">\u2022 Fagus-Werk<\/span><\/td>\n<\/tr>\n<tr>\n<td><span style=\"font-family: garamond-lt-regular;\">\u2022 Einbeck<\/span><\/td>\n<td><\/td>\n<\/tr>\n<tr>\n<td><span style=\"font-family: garamond-lt-regular;\">\u2022 Bodenwerder<\/span><\/td>\n<td><\/td>\n<\/tr>\n<tr>\n<td><span style=\"font-family: garamond-lt-regular;\">\u2022 Uslar<\/span><\/td>\n<td><\/td>\n<\/tr>\n<tr>\n<td><span style=\"font-family: garamond-lt-regular;\">\u2022 L\u00fcgde<\/span><\/td>\n<td><\/td>\n<\/tr>\n<tr>\n<td><span style=\"font-family: garamond-lt-regular;\">\u2022 Bad Pyrmont<\/span><\/td>\n<td><\/td>\n<\/tr>\n<\/tbody>\n<\/table>\n<p><span style=\"font-family: garamond-lt-regular;\">\u00a0\u00a0\u00a0\u00a0 \u00a0\u00a0\u00a0 \u00a0\u00a0\u00a0 \u00a0\u00a0\u00a0<\/span><\/p>\n<h2><span style=\"font-family: garamond-lt-regular; color: #9d113b;\">Themenwelten<\/span><\/h2>\n<p><span style=\"font-family: garamond-lt-regular;\">Das \"Historische Weserbergland\" verbindet erstmalig die Geschichten und Geschichte einer Region zu spannenden Abenteuern jener Zeit. Unter dem Motto \"Spuren der Zeit - echt erleben\". Tauchen Sie ein in f\u00fcnf Themenwelten vergangener Zeit und schreiben Ihre eigene Geschichte im Weserbergland.<\/span><\/p>\n<p>&nbsp;<\/p>\n<h4><span style=\"font-family: garamond-lt-regular; color: #9d113b;\">Lebenslinien...<\/span><\/h4>\n<p><span style=\"font-family: garamond-lt-regular;\">...Geschichte und Geschichten rund um ber\u00fchmte Pers\u00f6nlichkeiten des Weserberglandes\u2026<br \/>\n\u2026erfahren Sie mehr \u00fcber das Leben der bekannten M\u00e4rchenfiguren, ber\u00fchmte Bewohner und prominente Besucher des Weserberglandes\u2026<\/span><\/p>\n<h4><span style=\"font-family: garamond-lt-regular; color: #9d113b;\">Kulturpfade...<\/span><\/h4>\n<p><span style=\"font-family: garamond-lt-regular;\">\u2026erleben Sie die kulturelle Vielfalt des Weserberglandes von Kunst \u00fcber Kultur und Geschichte bis hin zu Museen, Schl\u00f6sser, Burgen, Ausstellungen und Konzerten\u2026<\/span><\/p>\n<h4><span style=\"font-family: garamond-lt-regular; color: #9d113b;\">Glaubenspfade...<\/span><\/h4>\n<p><span style=\"font-family: garamond-lt-regular;\">\u2026erleben Sie die Geschichte des <\/span><span style=\"font-family: garamond-lt-regular;\">Weserberglandes aus Sicht der Kirche\u2026<\/span><br \/>\n<span style=\"font-family: garamond-lt-regular;\">\u2026intakte Kl\u00f6ster, beeindruckende sakrale Bauten <\/span><span style=\"font-family: garamond-lt-regular;\">und bedeutende klerikale Pers\u00f6nlichkeiten\u2026<\/span><\/p>\n<h4><span style=\"font-family: garamond-lt-regular; color: #9d113b;\">Erlebnispunkte...<\/span><\/h4>\n<p><span style=\"font-family: garamond-lt-regular;\">\u2026werden Sie Teil unserer Geschichte\u2026<\/span><br \/>\n<span style=\"font-family: garamond-lt-regular;\">\u2026Geschichte zum Anfassen\/selbst erleben\u2026<\/span><br \/>\n<span style=\"font-family: garamond-lt-regular;\">\u2026historische Feste und Veranstaltungen, <\/span><span style=\"font-family: garamond-lt-regular;\">lebendiges Brauchtum und Traditionen\u2026<\/span><\/p>\n<h4><span style=\"font-family: garamond-lt-regular; color: #9d113b;\">Genie\u00dferbummel...<\/span><\/h4>\n<p><span style=\"font-family: garamond-lt-regular;\">\u2026typisch Weserbergland: entdecken Sie <\/span><span style=\"font-family: garamond-lt-regular;\">Spezialit\u00e4ten, traditionelle Gerichte und historische <\/span><span style=\"font-family: garamond-lt-regular;\">Gasth\u00e4user\u2026<\/span><\/p>\n<p>&nbsp;<\/p>\n<h2><span style=\"font-family: garamond-lt-regular; color: #9d113b;\">Qualit\u00e4tsversprechen<\/span><\/h2>\n<p><span style=\"font-family: garamond-lt-regular;\">Die Grundlage f\u00fcr diese Kampagne war die Einf\u00fchrung und Entwicklung eines Qualit\u00e4tsstandards.<\/span><br \/>\n<span style=\"font-family: garamond-lt-regular;\">Jede Stadt und jede St\u00e4tte hat sich bei Teilnahme einem Qualit\u00e4tscheck unterzogen und in zweij\u00e4hriger Arbeit Defizite beseitigt und feste Kriterien definiert.<\/span><br \/>\n<span style=\"font-family: garamond-lt-regular;\">Die Einhaltung und Umsetzung dieser Qualit\u00e4tsstandards werden regelm\u00e4\u00dfig gepr\u00fcft und optimiert, sodass Sie hier ein hohes Ma\u00df an Qualit\u00e4t erwarten k\u00f6nnen.<\/span><br \/>\n<span style=\"font-family: garamond-lt-regular;\">\u00a0<\/span><\/p>\n<h2><span style=\"font-family: garamond-lt-regular; color: #9d113b;\">Weitere Informationen<\/span><\/h2>\n<p><span style=\"font-family: garamond-lt-regular;\">F\u00fcr mehr Informationen \u00fcber Urlaub im \"Historischen Weserbergland\" folgen Sie bitte diesem <a href=\"http:\/\/www.historisches-weserbergland.de\">LINK<\/a>.<\/span><br \/>\n<span style=\"font-family: garamond-lt-regular;\">Dort k\u00f6nnen Sie kostenfrei Ihr <a href=\"https:\/\/www.weserbergland-tourismus.de\/de\/p\/prospekte\/55346916\/#!m\/1\/orderby\/id\" target=\"_blank\" rel=\"noopener\">Prospektmaterial anfordern<\/a> und mit Hilfe vom <a href=\"https:\/\/regio.outdooractive.com\/oar-weserbergland\/de\/\" target=\"_blank\" rel=\"noopener\">WeserberglandNavigator<\/a> ihre n\u00e4chste Tour planen.<\/span><\/p>\n<div class=\"elementor elementor-2064 elementor-location-single post-5846 page type-page status-publish has-post-thumbnail hentry\" data-elementor-type=\"single-page\" data-elementor-post-type=\"elementor_library\" data-elementor-id=\"2064\">\n<div class=\"elementor-element elementor-element-31ca1cf e-con-full e-flex e-con e-parent\" data-element_type=\"container\" data-id=\"31ca1cf\">\n<div class=\"elementor-element elementor-element-a9b9ea0 elementor-widget elementor-widget-theme-post-content\" data-element_type=\"widget\" data-id=\"a9b9ea0\" data-widget_type=\"theme-post-content.default\">\n<div class=\"elementor elementor-5846\" data-elementor-type=\"wp-page\" data-elementor-post-type=\"page\" data-elementor-id=\"5846\">\n<div class=\"elementor-element elementor-element-324757d e-flex e-con-boxed e-con e-parent\" data-element_type=\"container\" data-id=\"324757d\">\n<div class=\"e-con-inner\">\n<div class=\"elementor-element elementor-element-f6c0acd elementor-widget elementor-widget-text-editor\" data-element_type=\"widget\" data-id=\"f6c0acd\" data-widget_type=\"text-editor.default\">\n<p><strong>Kontakt:<\/strong><\/p>\n<p class=\"p1\"><span style=\"font-family: garamond-lt-regular; font-size: 16px;\">Weserberland Tourismus e.V.<\/span><br \/>\n<span style=\"font-family: garamond-lt-regular; font-size: 16px;\">Deisterallee 1<\/span><br \/>\n<span style=\"font-family: garamond-lt-regular; font-size: 16px;\">31785 Hameln<\/span><br \/>\n<span style=\"font-family: garamond-lt-regular; font-size: 16px;\">Tel.: 05151 \u2013 9300-0<\/span><br \/>\n<span style=\"font-family: garamond-lt-regular; font-size: 16px;\"><a href=\"mailto:info@historisches-weserberland.de\"><span class=\"s4\">info@historisches-weserberland.de<\/span><\/a><\/span><br \/>\n<span style=\"font-family: garamond-lt-regular; font-size: 16px;\"><a href=\"http:\/\/www.historisches-weserberland.de\/\" target=\"_blank\" rel=\"noopener\"><span class=\"s4\">www.historisches-weserberland.de<\/span><\/a><\/span><\/p>\n<\/div>\n<\/div>\n<\/div>\n<\/div>\n<\/div>\n<\/div>\n<\/div>\n<\/div>\n<\/div><\/div><\/div><\/div><\/div>","protected":false},"excerpt":{"rendered":"<p>Historisches Weserbergland Mit sechzehn St\u00e4dten und elf historischen St\u00e4tten ist das Projekt &#8222;Historisches Weserbergland&#8220; ein Zusammenschluss unter der Koordination des Weserbergland Tourismus e.V. \u00a0 Die St\u00e4dte: Die St\u00e4tten: \u2022 Bad M\u00fcnder \u2022 Klosterkirche Lippoldsberg \u2022 Hameln \u2022 Schloss Pyrmont \u2022 Hann. M\u00fcnden \u2022 Schloss H\u00e4melschenburg \u2022 B\u00fcckeburg \u2022 Schloss B\u00fcckeburg \u2022 Stadthagen \u2022 Burg Schaumburg [&hellip;]<\/p>\n","protected":false},"author":1,"featured_media":0,"parent":0,"menu_order":0,"comment_status":"closed","ping_status":"closed","template":"","meta":{"footnotes":""},"class_list":["post-790","page","type-page","status-publish","hentry","post"],"_links":{"self":[{"href":"https:\/\/schloss-bevern.de\/index.php?rest_route=\/wp\/v2\/pages\/790","targetHints":{"allow":["GET"]}}],"collection":[{"href":"https:\/\/schloss-bevern.de\/index.php?rest_route=\/wp\/v2\/pages"}],"about":[{"href":"https:\/\/schloss-bevern.de\/index.php?rest_route=\/wp\/v2\/types\/page"}],"author":[{"embeddable":true,"href":"https:\/\/schloss-bevern.de\/index.php?rest_route=\/wp\/v2\/users\/1"}],"replies":[{"embeddable":true,"href":"https:\/\/schloss-bevern.de\/index.php?rest_route=%2Fwp%2Fv2%2Fcomments&post=790"}],"version-history":[{"count":8,"href":"https:\/\/schloss-bevern.de\/index.php?rest_route=\/wp\/v2\/pages\/790\/revisions"}],"predecessor-version":[{"id":1516,"href":"https:\/\/schloss-bevern.de\/index.php?rest_route=\/wp\/v2\/pages\/790\/revisions\/1516"}],"wp:attachment":[{"href":"https:\/\/schloss-bevern.de\/index.php?rest_route=%2Fwp%2Fv2%2Fmedia&parent=790"}],"curies":[{"name":"wp","href":"https:\/\/api.w.org\/{rel}","templated":true}]}}